{"id":1824,"date":"2024-05-09T17:49:04","date_gmt":"2024-05-09T20:49:04","guid":{"rendered":"https:\/\/www.mprinformatica.com.br\/blog\/?page_id=1824"},"modified":"2024-05-09T19:57:13","modified_gmt":"2024-05-09T22:57:13","slug":"aula-3-como-fazer-formatacao-profissional-no-excel","status":"publish","type":"page","link":"https:\/\/www.mprinformatica.com.br\/blog\/curso-de-excel-gratuito\/aula-3-como-fazer-formatacao-profissional-no-excel\/","title":{"rendered":"Aula 03 &#8211; Como fazer formata\u00e7\u00e3o profissional no Excel"},"content":{"rendered":"\n<p>Nesta aula voc\u00ea aprender\u00e1 comandos simples, por\u00e9m importantes para alcan\u00e7ar um n\u00edvel de formata\u00e7\u00e3o considerada profissional. Ser\u00e1 abordada a formata\u00e7\u00e3o de fontes, cores, bordas e imagens.<\/p>\n\n\n\n<figure class=\"wp-block-embed is-type-video is-provider-youtube wp-block-embed-youtube wp-embed-aspect-16-9 wp-has-aspect-ratio\"><div class=\"wp-block-embed__wrapper\">\n<iframe loading=\"lazy\" title=\"Como Fazer Formata\u00e7\u00e3o Profissional no Excel\" width=\"660\" height=\"371\" src=\"https:\/\/www.youtube.com\/embed\/0rNb8oOoc5M?feature=oembed\" frameborder=\"0\" allow=\"accelerometer; autoplay; clipboard-write; encrypted-media; gyroscope; picture-in-picture; web-share\" referrerpolicy=\"strict-origin-when-cross-origin\" allowfullscreen><\/iframe>\n<\/div><figcaption class=\"wp-element-caption\">Como fazer formata\u00e7\u00e3o profissional no Excel<\/figcaption><\/figure>\n\n\n\n<p><a rel=\"noreferrer noopener\" href=\"https:\/\/api.whatsapp.com\/send\/?phone=5511975648538&amp;text&amp;type=phone_number&amp;app_absent=0\" target=\"_blank\">Ficou com d\u00favida? Contrate uma aula on-line individual<\/a><\/p>\n","protected":false},"excerpt":{"rendered":"<p>Nesta aula voc\u00ea aprender\u00e1 comandos simples, por\u00e9m importantes para alcan\u00e7ar um n\u00edvel de formata\u00e7\u00e3o considerada profissional. Ser\u00e1 abordada a formata\u00e7\u00e3o de fontes, cores, bordas e imagens. Ficou com d\u00favida? Contrate uma aula on-line individual<\/p>\n","protected":false},"author":1,"featured_media":0,"parent":1814,"menu_order":0,"comment_status":"closed","ping_status":"closed","template":"","meta":[],"_links":{"self":[{"href":"https:\/\/www.mprinformatica.com.br\/blog\/wp-json\/wp\/v2\/pages\/1824"}],"collection":[{"href":"https:\/\/www.mprinformatica.com.br\/blog\/wp-json\/wp\/v2\/pages"}],"about":[{"href":"https:\/\/www.mprinformatica.com.br\/blog\/wp-json\/wp\/v2\/types\/page"}],"author":[{"embeddable":true,"href":"https:\/\/www.mprinformatica.com.br\/blog\/wp-json\/wp\/v2\/users\/1"}],"replies":[{"embeddable":true,"href":"https:\/\/www.mprinformatica.com.br\/blog\/wp-json\/wp\/v2\/comments?post=1824"}],"version-history":[{"count":2,"href":"https:\/\/www.mprinformatica.com.br\/blog\/wp-json\/wp\/v2\/pages\/1824\/revisions"}],"predecessor-version":[{"id":1849,"href":"https:\/\/www.mprinformatica.com.br\/blog\/wp-json\/wp\/v2\/pages\/1824\/revisions\/1849"}],"up":[{"embeddable":true,"href":"https:\/\/www.mprinformatica.com.br\/blog\/wp-json\/wp\/v2\/pages\/1814"}],"wp:attachment":[{"href":"https:\/\/www.mprinformatica.com.br\/blog\/wp-json\/wp\/v2\/media?parent=1824"}],"curies":[{"name":"wp","href":"https:\/\/api.w.org\/{rel}","templated":true}]}}