{"id":1827,"date":"2024-05-09T18:01:43","date_gmt":"2024-05-09T21:01:43","guid":{"rendered":"https:\/\/www.mprinformatica.com.br\/blog\/?page_id=1827"},"modified":"2024-05-09T19:57:20","modified_gmt":"2024-05-09T22:57:20","slug":"aula-4-como-criar-graficos","status":"publish","type":"page","link":"https:\/\/www.mprinformatica.com.br\/blog\/curso-de-excel-gratuito\/aula-4-como-criar-graficos\/","title":{"rendered":"Aula 04 &#8211; Como criar gr\u00e1ficos"},"content":{"rendered":"\n<p>Voc\u00ea aprender\u00e1 nessa aula a criar um gr\u00e1fico de forma simples e objetiva.<br>Para criar um gr\u00e1fico, \u00e9 necess\u00e1rio ter uma planilha com os dados que deseja representar na forma gr\u00e1fica.<\/p>\n\n\n\n<figure class=\"wp-block-embed is-type-video is-provider-youtube wp-block-embed-youtube wp-embed-aspect-16-9 wp-has-aspect-ratio\"><div class=\"wp-block-embed__wrapper\">\n<iframe loading=\"lazy\" title=\"[EXCEL] - Como criar gr\u00e1ficos\" width=\"660\" height=\"371\" src=\"https:\/\/www.youtube.com\/embed\/nwC1B6CHh8I?feature=oembed\" frameborder=\"0\" allow=\"accelerometer; autoplay; clipboard-write; encrypted-media; gyroscope; picture-in-picture; web-share\" referrerpolicy=\"strict-origin-when-cross-origin\" allowfullscreen><\/iframe>\n<\/div><figcaption class=\"wp-element-caption\">Como criar gr\u00e1ficos no Excel<\/figcaption><\/figure>\n\n\n\n<p><a rel=\"noreferrer noopener\" href=\"https:\/\/api.whatsapp.com\/send\/?phone=5511975648538&amp;text&amp;type=phone_number&amp;app_absent=0\" target=\"_blank\">Ficou com d\u00favida? Contrate uma aula on-line individual<\/a><\/p>\n","protected":false},"excerpt":{"rendered":"<p>Voc\u00ea aprender\u00e1 nessa aula a criar um gr\u00e1fico de forma simples e objetiva.Para criar um gr\u00e1fico, \u00e9 necess\u00e1rio ter uma planilha com os dados que deseja representar na forma gr\u00e1fica. Ficou com d\u00favida? Contrate uma aula on-line individual<\/p>\n","protected":false},"author":1,"featured_media":0,"parent":1814,"menu_order":0,"comment_status":"closed","ping_status":"closed","template":"","meta":[],"_links":{"self":[{"href":"https:\/\/www.mprinformatica.com.br\/blog\/wp-json\/wp\/v2\/pages\/1827"}],"collection":[{"href":"https:\/\/www.mprinformatica.com.br\/blog\/wp-json\/wp\/v2\/pages"}],"about":[{"href":"https:\/\/www.mprinformatica.com.br\/blog\/wp-json\/wp\/v2\/types\/page"}],"author":[{"embeddable":true,"href":"https:\/\/www.mprinformatica.com.br\/blog\/wp-json\/wp\/v2\/users\/1"}],"replies":[{"embeddable":true,"href":"https:\/\/www.mprinformatica.com.br\/blog\/wp-json\/wp\/v2\/comments?post=1827"}],"version-history":[{"count":2,"href":"https:\/\/www.mprinformatica.com.br\/blog\/wp-json\/wp\/v2\/pages\/1827\/revisions"}],"predecessor-version":[{"id":1850,"href":"https:\/\/www.mprinformatica.com.br\/blog\/wp-json\/wp\/v2\/pages\/1827\/revisions\/1850"}],"up":[{"embeddable":true,"href":"https:\/\/www.mprinformatica.com.br\/blog\/wp-json\/wp\/v2\/pages\/1814"}],"wp:attachment":[{"href":"https:\/\/www.mprinformatica.com.br\/blog\/wp-json\/wp\/v2\/media?parent=1827"}],"curies":[{"name":"wp","href":"https:\/\/api.w.org\/{rel}","templated":true}]}}