{"id":1829,"date":"2024-05-09T18:07:33","date_gmt":"2024-05-09T21:07:33","guid":{"rendered":"https:\/\/www.mprinformatica.com.br\/blog\/?page_id=1829"},"modified":"2024-05-09T19:57:26","modified_gmt":"2024-05-09T22:57:26","slug":"aula-5-porcentagens-aumento-percentual-no-excel","status":"publish","type":"page","link":"https:\/\/www.mprinformatica.com.br\/blog\/curso-de-excel-gratuito\/aula-5-porcentagens-aumento-percentual-no-excel\/","title":{"rendered":"Aula 05 &#8211; Como Calcular Aumento Percentual no Excel"},"content":{"rendered":"\n<p>O c\u00e1lculo com porcentagens \u00e9 fundamental voc\u00ea estudar e compreender.<br>F\u00f3rmulas com Porcentagem que todo mundo deve saber fazer no Excel: AUMENTO PERCENTUAL <br><br>Este \u00e9 o primeiro v\u00eddeo de uma s\u00e9rie de quatro v\u00eddeos com os principais c\u00e1lculos com porcentagens que todo profissional deveria saber fazer no Excel. <\/p>\n\n\n\n<figure class=\"wp-block-embed is-type-video is-provider-youtube wp-block-embed-youtube wp-embed-aspect-16-9 wp-has-aspect-ratio\"><div class=\"wp-block-embed__wrapper\">\n<iframe loading=\"lazy\" title=\"Como Calcular AUMENTO PERCENTUAL no EXCEL [Todas as Porcentagens 1 de 4]\" width=\"660\" height=\"371\" src=\"https:\/\/www.youtube.com\/embed\/nwDGDyJE9TE?feature=oembed\" frameborder=\"0\" allow=\"accelerometer; autoplay; clipboard-write; encrypted-media; gyroscope; picture-in-picture; web-share\" referrerpolicy=\"strict-origin-when-cross-origin\" allowfullscreen><\/iframe>\n<\/div><figcaption class=\"wp-element-caption\">Aumento Percentual no Excel<\/figcaption><\/figure>\n\n\n\n<p><a rel=\"noreferrer noopener\" href=\"https:\/\/api.whatsapp.com\/send\/?phone=5511975648538&amp;text&amp;type=phone_number&amp;app_absent=0\" target=\"_blank\">Ficou com d\u00favida? Contrate uma aula on-line individual<\/a><br><br><\/p>\n","protected":false},"excerpt":{"rendered":"<p>O c\u00e1lculo com porcentagens \u00e9 fundamental voc\u00ea estudar e compreender.F\u00f3rmulas com Porcentagem que todo mundo deve saber fazer no Excel: AUMENTO PERCENTUAL Este \u00e9 o primeiro v\u00eddeo de uma s\u00e9rie de quatro v\u00eddeos com os principais c\u00e1lculos com porcentagens que todo profissional deveria saber fazer no Excel. Ficou com d\u00favida? Contrate uma aula on-line individual<\/p>\n","protected":false},"author":1,"featured_media":0,"parent":1814,"menu_order":0,"comment_status":"closed","ping_status":"closed","template":"","meta":[],"_links":{"self":[{"href":"https:\/\/www.mprinformatica.com.br\/blog\/wp-json\/wp\/v2\/pages\/1829"}],"collection":[{"href":"https:\/\/www.mprinformatica.com.br\/blog\/wp-json\/wp\/v2\/pages"}],"about":[{"href":"https:\/\/www.mprinformatica.com.br\/blog\/wp-json\/wp\/v2\/types\/page"}],"author":[{"embeddable":true,"href":"https:\/\/www.mprinformatica.com.br\/blog\/wp-json\/wp\/v2\/users\/1"}],"replies":[{"embeddable":true,"href":"https:\/\/www.mprinformatica.com.br\/blog\/wp-json\/wp\/v2\/comments?post=1829"}],"version-history":[{"count":5,"href":"https:\/\/www.mprinformatica.com.br\/blog\/wp-json\/wp\/v2\/pages\/1829\/revisions"}],"predecessor-version":[{"id":1851,"href":"https:\/\/www.mprinformatica.com.br\/blog\/wp-json\/wp\/v2\/pages\/1829\/revisions\/1851"}],"up":[{"embeddable":true,"href":"https:\/\/www.mprinformatica.com.br\/blog\/wp-json\/wp\/v2\/pages\/1814"}],"wp:attachment":[{"href":"https:\/\/www.mprinformatica.com.br\/blog\/wp-json\/wp\/v2\/media?parent=1829"}],"curies":[{"name":"wp","href":"https:\/\/api.w.org\/{rel}","templated":true}]}}