{"id":1835,"date":"2024-05-09T18:16:38","date_gmt":"2024-05-09T21:16:38","guid":{"rendered":"https:\/\/www.mprinformatica.com.br\/blog\/?page_id=1835"},"modified":"2024-05-09T19:57:38","modified_gmt":"2024-05-09T22:57:38","slug":"aula-7-como-calcular-participacao-percentual-no-excel","status":"publish","type":"page","link":"https:\/\/www.mprinformatica.com.br\/blog\/curso-de-excel-gratuito\/aula-7-como-calcular-participacao-percentual-no-excel\/","title":{"rendered":"Aula 07 &#8211; Como Calcular Participa\u00e7\u00e3o Percentual no Excel"},"content":{"rendered":"\n<p>O c\u00e1lculo com porcentagens \u00e9 fundamental voc\u00ea estudar e compreender.<br>F\u00f3rmulas com Porcentagem que todo mundo deve saber fazer no Excel: PARTICIPA\u00c7\u00c3O PERCENTUAL <br><br>Este \u00e9 o terceiro v\u00eddeo de uma s\u00e9rie de quatro v\u00eddeos com os principais c\u00e1lculos com porcentagens que todo profissional deveria saber fazer no Excel. <\/p>\n\n\n\n<figure class=\"wp-block-embed is-type-video is-provider-youtube wp-block-embed-youtube wp-embed-aspect-16-9 wp-has-aspect-ratio\"><div class=\"wp-block-embed__wrapper\">\n<iframe loading=\"lazy\" title=\"Como Calcular Participa\u00e7\u00e3o Percentual no EXCEL - 3 de 4\" width=\"660\" height=\"371\" src=\"https:\/\/www.youtube.com\/embed\/Y-tr2pacjjs?feature=oembed\" frameborder=\"0\" allow=\"accelerometer; autoplay; clipboard-write; encrypted-media; gyroscope; picture-in-picture; web-share\" referrerpolicy=\"strict-origin-when-cross-origin\" allowfullscreen><\/iframe>\n<\/div><figcaption class=\"wp-element-caption\">Participa\u00e7\u00e3o Percentual no Excel<\/figcaption><\/figure>\n\n\n\n<p><a rel=\"noreferrer noopener\" href=\"https:\/\/api.whatsapp.com\/send\/?phone=5511975648538&amp;text&amp;type=phone_number&amp;app_absent=0\" target=\"_blank\">Ficou com d\u00favida? Contrate uma aula on-line individual<\/a><\/p>\n","protected":false},"excerpt":{"rendered":"<p>O c\u00e1lculo com porcentagens \u00e9 fundamental voc\u00ea estudar e compreender.F\u00f3rmulas com Porcentagem que todo mundo deve saber fazer no Excel: PARTICIPA\u00c7\u00c3O PERCENTUAL Este \u00e9 o terceiro v\u00eddeo de uma s\u00e9rie de quatro v\u00eddeos com os principais c\u00e1lculos com porcentagens que todo profissional deveria saber fazer no Excel. Ficou com d\u00favida? Contrate uma aula on-line individual<\/p>\n","protected":false},"author":1,"featured_media":0,"parent":1814,"menu_order":0,"comment_status":"closed","ping_status":"closed","template":"","meta":[],"_links":{"self":[{"href":"https:\/\/www.mprinformatica.com.br\/blog\/wp-json\/wp\/v2\/pages\/1835"}],"collection":[{"href":"https:\/\/www.mprinformatica.com.br\/blog\/wp-json\/wp\/v2\/pages"}],"about":[{"href":"https:\/\/www.mprinformatica.com.br\/blog\/wp-json\/wp\/v2\/types\/page"}],"author":[{"embeddable":true,"href":"https:\/\/www.mprinformatica.com.br\/blog\/wp-json\/wp\/v2\/users\/1"}],"replies":[{"embeddable":true,"href":"https:\/\/www.mprinformatica.com.br\/blog\/wp-json\/wp\/v2\/comments?post=1835"}],"version-history":[{"count":2,"href":"https:\/\/www.mprinformatica.com.br\/blog\/wp-json\/wp\/v2\/pages\/1835\/revisions"}],"predecessor-version":[{"id":1853,"href":"https:\/\/www.mprinformatica.com.br\/blog\/wp-json\/wp\/v2\/pages\/1835\/revisions\/1853"}],"up":[{"embeddable":true,"href":"https:\/\/www.mprinformatica.com.br\/blog\/wp-json\/wp\/v2\/pages\/1814"}],"wp:attachment":[{"href":"https:\/\/www.mprinformatica.com.br\/blog\/wp-json\/wp\/v2\/media?parent=1835"}],"curies":[{"name":"wp","href":"https:\/\/api.w.org\/{rel}","templated":true}]}}