{"id":1842,"date":"2024-05-09T18:51:05","date_gmt":"2024-05-09T21:51:05","guid":{"rendered":"https:\/\/www.mprinformatica.com.br\/blog\/?page_id=1842"},"modified":"2024-05-09T19:57:51","modified_gmt":"2024-05-09T22:57:51","slug":"aula-9-correcao-da-prova-de-excel-basico","status":"publish","type":"page","link":"https:\/\/www.mprinformatica.com.br\/blog\/curso-de-excel-gratuito\/aula-9-correcao-da-prova-de-excel-basico\/","title":{"rendered":"Aula 09 &#8211; Corre\u00e7\u00e3o da Prova de Excel B\u00e1sico"},"content":{"rendered":"\n<p>Neste v\u00eddeo ser\u00e1 feita a corre\u00e7\u00e3o da Prova de Excel B\u00e1sico para voc\u00ea que \u00e9 nosso aluno ou para todos que querem verificar se j\u00e1 possuem o conhecimento b\u00e1sico de Excel, servindo at\u00e9 de preparo para algum teste a uma vaga de emprego. <\/p>\n\n\n\n<p><a href=\"https:\/\/www.mprinformatica.com.br\/novo\/form_recompensa.html?c=excel&amp;r=Avaliacao_Excel_Basico_Site.xlsx\" target=\"_blank\" rel=\"noreferrer noopener\">Clique aqui e baixe o arquivo da avalia\u00e7\u00e3o para praticar junto com o v\u00eddeo<\/a><\/p>\n\n\n\n<figure class=\"wp-block-embed is-type-video is-provider-youtube wp-block-embed-youtube wp-embed-aspect-16-9 wp-has-aspect-ratio\"><div class=\"wp-block-embed__wrapper\">\n<iframe loading=\"lazy\" title=\"Corre\u00e7\u00e3o da Prova de Excel B\u00e1sico - 2023\" width=\"660\" height=\"371\" src=\"https:\/\/www.youtube.com\/embed\/pIS5CH9Nvqg?feature=oembed\" frameborder=\"0\" allow=\"accelerometer; autoplay; clipboard-write; encrypted-media; gyroscope; picture-in-picture; web-share\" referrerpolicy=\"strict-origin-when-cross-origin\" allowfullscreen><\/iframe>\n<\/div><figcaption class=\"wp-element-caption\">Prova de Excel B\u00e1sico<\/figcaption><\/figure>\n\n\n\n<p><a rel=\"noreferrer noopener\" href=\"https:\/\/api.whatsapp.com\/send\/?phone=5511975648538&amp;text&amp;type=phone_number&amp;app_absent=0\" target=\"_blank\">Ficou com d\u00favida? Contrate uma aula on-line individual<\/a><\/p>\n","protected":false},"excerpt":{"rendered":"<p>Neste v\u00eddeo ser\u00e1 feita a corre\u00e7\u00e3o da Prova de Excel B\u00e1sico para voc\u00ea que \u00e9 nosso aluno ou para todos que querem verificar se j\u00e1 possuem o conhecimento b\u00e1sico de Excel, servindo at\u00e9 de preparo para algum teste a uma vaga de emprego. Clique aqui e baixe o arquivo da avalia\u00e7\u00e3o para praticar junto com &hellip; <a href=\"https:\/\/www.mprinformatica.com.br\/blog\/curso-de-excel-gratuito\/aula-9-correcao-da-prova-de-excel-basico\/\" class=\"more-link\">Continuar lendo <span class=\"screen-reader-text\">Aula 09 &#8211; Corre\u00e7\u00e3o da Prova de Excel B\u00e1sico<\/span><\/a><\/p>\n","protected":false},"author":1,"featured_media":0,"parent":1814,"menu_order":0,"comment_status":"closed","ping_status":"closed","template":"","meta":[],"_links":{"self":[{"href":"https:\/\/www.mprinformatica.com.br\/blog\/wp-json\/wp\/v2\/pages\/1842"}],"collection":[{"href":"https:\/\/www.mprinformatica.com.br\/blog\/wp-json\/wp\/v2\/pages"}],"about":[{"href":"https:\/\/www.mprinformatica.com.br\/blog\/wp-json\/wp\/v2\/types\/page"}],"author":[{"embeddable":true,"href":"https:\/\/www.mprinformatica.com.br\/blog\/wp-json\/wp\/v2\/users\/1"}],"replies":[{"embeddable":true,"href":"https:\/\/www.mprinformatica.com.br\/blog\/wp-json\/wp\/v2\/comments?post=1842"}],"version-history":[{"count":3,"href":"https:\/\/www.mprinformatica.com.br\/blog\/wp-json\/wp\/v2\/pages\/1842\/revisions"}],"predecessor-version":[{"id":1855,"href":"https:\/\/www.mprinformatica.com.br\/blog\/wp-json\/wp\/v2\/pages\/1842\/revisions\/1855"}],"up":[{"embeddable":true,"href":"https:\/\/www.mprinformatica.com.br\/blog\/wp-json\/wp\/v2\/pages\/1814"}],"wp:attachment":[{"href":"https:\/\/www.mprinformatica.com.br\/blog\/wp-json\/wp\/v2\/media?parent=1842"}],"curies":[{"name":"wp","href":"https:\/\/api.w.org\/{rel}","templated":true}]}}