{"id":1845,"date":"2024-05-09T19:55:57","date_gmt":"2024-05-09T22:55:57","guid":{"rendered":"https:\/\/www.mprinformatica.com.br\/blog\/?page_id=1845"},"modified":"2024-05-09T19:56:22","modified_gmt":"2024-05-09T22:56:22","slug":"aula-10-15-atalhos-uteis-e-faceis-do-excel","status":"publish","type":"page","link":"https:\/\/www.mprinformatica.com.br\/blog\/curso-de-excel-gratuito\/aula-10-15-atalhos-uteis-e-faceis-do-excel\/","title":{"rendered":"Aula 10 &#8211; 15 atalhos \u00fateis e f\u00e1ceis do Excel"},"content":{"rendered":"\n<p>Seja mais veloz e aumente a produtividade ao trabalhar com atalhos do Excel.<br>Baixe o arquivo de Excel usado no v\u00eddeo e pratique junto: <a rel=\"noreferrer noopener\" href=\"https:\/\/www.youtube.com\/redirect?event=video_description&amp;redir_token=QUFFLUhqa2gyZi1kX215bXBGZUlMb3FZbk04c20xaVc3d3xBQ3Jtc0tsa1VGcjM2SHhob3JYdDl2Q1FSTFd3d1VnVExXeURQczE5Ym0wbGpMREVvVm9MLWhuLVNsLUdlM3lrcEMwQkxfLWJ4eFV5TlFDbkpKeEFqQjJBcDF0SmViUTMyLVdCdEpkWHU5cTdoS3JtRm0tR2dBRQ&amp;q=https%3A%2F%2Fbit.ly%2F35FHK6I&amp;v=_IBiLuhRxUQ\" target=\"_blank\">https:\/\/bit.ly\/35FHK6I<\/a> <\/p>\n\n\n\n<figure class=\"wp-block-embed is-type-video is-provider-youtube wp-block-embed-youtube wp-embed-aspect-16-9 wp-has-aspect-ratio\"><div class=\"wp-block-embed__wrapper\">\n<iframe loading=\"lazy\" title=\"15 Atalhos \u00dateis e F\u00e1ceis do Excel\" width=\"660\" height=\"371\" src=\"https:\/\/www.youtube.com\/embed\/_IBiLuhRxUQ?feature=oembed\" frameborder=\"0\" allow=\"accelerometer; autoplay; clipboard-write; encrypted-media; gyroscope; picture-in-picture; web-share\" referrerpolicy=\"strict-origin-when-cross-origin\" allowfullscreen><\/iframe>\n<\/div><figcaption class=\"wp-element-caption\">15 atalhos \u00fateis e f\u00e1ceis do Excel<\/figcaption><\/figure>\n\n\n\n<p>Todos os comandos do Excel podem ser acessados via atalhos de teclado. <br>Atalhos de teclado s\u00e3o combina\u00e7\u00f5es de teclas que aumentam a velocidade das opera\u00e7\u00f5es que voc\u00ea realiza em um programa, neste caso o Excel. <br><\/p>\n\n\n\n<p><a rel=\"noreferrer noopener\" href=\"https:\/\/api.whatsapp.com\/send\/?phone=5511975648538&amp;text&amp;type=phone_number&amp;app_absent=0\" target=\"_blank\">Ficou com d\u00favida? Contrate uma aula on-line individual<\/a><\/p>\n","protected":false},"excerpt":{"rendered":"<p>Seja mais veloz e aumente a produtividade ao trabalhar com atalhos do Excel.Baixe o arquivo de Excel usado no v\u00eddeo e pratique junto: https:\/\/bit.ly\/35FHK6I Todos os comandos do Excel podem ser acessados via atalhos de teclado. Atalhos de teclado s\u00e3o combina\u00e7\u00f5es de teclas que aumentam a velocidade das opera\u00e7\u00f5es que voc\u00ea realiza em um programa, &hellip; <a href=\"https:\/\/www.mprinformatica.com.br\/blog\/curso-de-excel-gratuito\/aula-10-15-atalhos-uteis-e-faceis-do-excel\/\" class=\"more-link\">Continuar lendo <span class=\"screen-reader-text\">Aula 10 &#8211; 15 atalhos \u00fateis e f\u00e1ceis do Excel<\/span><\/a><\/p>\n","protected":false},"author":1,"featured_media":0,"parent":1814,"menu_order":0,"comment_status":"closed","ping_status":"closed","template":"","meta":[],"_links":{"self":[{"href":"https:\/\/www.mprinformatica.com.br\/blog\/wp-json\/wp\/v2\/pages\/1845"}],"collection":[{"href":"https:\/\/www.mprinformatica.com.br\/blog\/wp-json\/wp\/v2\/pages"}],"about":[{"href":"https:\/\/www.mprinformatica.com.br\/blog\/wp-json\/wp\/v2\/types\/page"}],"author":[{"embeddable":true,"href":"https:\/\/www.mprinformatica.com.br\/blog\/wp-json\/wp\/v2\/users\/1"}],"replies":[{"embeddable":true,"href":"https:\/\/www.mprinformatica.com.br\/blog\/wp-json\/wp\/v2\/comments?post=1845"}],"version-history":[{"count":1,"href":"https:\/\/www.mprinformatica.com.br\/blog\/wp-json\/wp\/v2\/pages\/1845\/revisions"}],"predecessor-version":[{"id":1846,"href":"https:\/\/www.mprinformatica.com.br\/blog\/wp-json\/wp\/v2\/pages\/1845\/revisions\/1846"}],"up":[{"embeddable":true,"href":"https:\/\/www.mprinformatica.com.br\/blog\/wp-json\/wp\/v2\/pages\/1814"}],"wp:attachment":[{"href":"https:\/\/www.mprinformatica.com.br\/blog\/wp-json\/wp\/v2\/media?parent=1845"}],"curies":[{"name":"wp","href":"https:\/\/api.w.org\/{rel}","templated":true}]}}