{"id":1856,"date":"2024-05-09T20:23:39","date_gmt":"2024-05-09T23:23:39","guid":{"rendered":"https:\/\/www.mprinformatica.com.br\/blog\/?page_id=1856"},"modified":"2024-05-09T20:23:39","modified_gmt":"2024-05-09T23:23:39","slug":"excel-do-basico-ao-avancado-um-curso-completo-do-microsoft-excel","status":"publish","type":"page","link":"https:\/\/www.mprinformatica.com.br\/blog\/excel-do-basico-ao-avancado-um-curso-completo-do-microsoft-excel\/","title":{"rendered":"Excel do B\u00e1sico ao Avan\u00e7ado &#8211; um curso completo do Microsoft Excel"},"content":{"rendered":"\n<p>Os recursos mais utilizados nas empresas, como tabelas, gr\u00e1ficos din\u00e2micos, fun\u00e7\u00f5es como PROCV, SE, uso do Power Query e outros.<\/p>\n\n\n\n<h4 class=\"wp-block-heading\">Aprenda Excel focado no Mercado de Trabalho<\/h4>\n\n\n\n<p>Al\u00e9m da modalidade de aula particular\u00a0<a href=\"https:\/\/www.mprinformatica.com.br\/aulas-particulares.html\">on-line\u00a0<\/a>, disponibilizamos o curso de Excel na plataforma UDEMY a um pre\u00e7o muito acess\u00edvel e com acesso vital\u00edcio. <\/p>\n\n\n\n<p>Este curso vai do b\u00e1sico ao avan\u00e7ado e foi desenvolvido para quem precisa do Excel para exercer suas atividades profissionais. <\/p>\n\n\n\n<p>Tanto para aqueles que est\u00e3o procurando um est\u00e1gio ou seu primeiro emprego no mercado de trabalho, como tamb\u00e9m para aqueles que almejam assumir cargos mais elevados em grandes empresas.<\/p>\n\n\n\n<div class=\"wp-block-buttons is-content-justification-center is-layout-flex wp-container-1\">\n<div class=\"wp-block-button\"><a class=\"wp-block-button__link has-text-align-center wp-element-button\" href=\"https:\/\/www.udemy.com\/course\/curso-de-excel-para-qualificacao-profissional\/?referralCode=59103E5B1BA909D2EEF4&amp;\" target=\"_blank\" rel=\"noreferrer noopener\">Quero conhecer o curso de excel da mpr na udemy<\/a><\/div>\n<\/div>\n\n\n\n<h4 class=\"wp-block-heading\">Diferenciais do curso:<\/h4>\n\n\n\n<ul>\n<li>O curso de Excel para Qualifica\u00e7\u00e3o profissional possui mais de 200 aulas divididas em 24 se\u00e7\u00f5es, mais de uma centena de exerc\u00edcios e 3 apostilas;<\/li>\n\n\n\n<li>Seus Instrutores possuem mais de 25 anos ministrando treinamentos de Excel;<\/li>\n\n\n\n<li>O\u00a0curso est\u00e1 estruturado em 5 grandes etapas, praticamente como 5 cursos, para atender quem nunca usou o Excel a at\u00e9 pessoas com muita experi\u00eancia;<\/li>\n\n\n\n<li>O curso tem acesso vital\u00edcio pela plataforma Udemy;<\/li>\n\n\n\n<li>Voc\u00ea tem 30 dias gratuitos para experimentar o curso, caso n\u00e3o goste poder\u00e1 optar em pedir o cancelamento na pr\u00f3pria plataforma Udemy.<\/li>\n<\/ul>\n\n\n\n<h4 class=\"wp-block-heading\">Por que aprender Excel?<\/h4>\n\n\n\n<p>Estima-se que 95% das empresas do mundo utilizam Excel em diversas \u00e1reas. Por exemplo:<\/p>\n\n\n\n<ul>\n<li>Na \u00e1rea financeira o Excel \u00e9 usado por profissionais que lidam com or\u00e7amento, contabilidade, tesouraria, fluxo de caixa, tributos;<\/li>\n\n\n\n<li>Na \u00e1rea comercial, podemos citar previs\u00e3o e controle de vendas, precifica\u00e7\u00e3o, controle de estoque, log\u00edstica de transporte;<\/li>\n\n\n\n<li>Na \u00e1rea de marketing, h\u00e1 atividades de an\u00e1lise de mercado, planejamento e mensura\u00e7\u00e3o de campanhas, acompanhamento da jornada de compra;<\/li>\n\n\n\n<li>Na \u00e1rea de recursos humanos o uso de Excel se aplica em recrutamento e sele\u00e7\u00e3o, folha de pagamento, benef\u00edcios, carreiras;<\/li>\n\n\n\n<li>H\u00e1 tamb\u00e9m aplica\u00e7\u00e3o nas \u00e1reas de educa\u00e7\u00e3o, sa\u00fade, governamental, isso s\u00f3 para citar alguns exemplos;<\/li>\n\n\n\n<li>Se voc\u00ea ainda tem d\u00favidas se deve aprender Excel, fa\u00e7a uma r\u00e1pida pesquisa em sites de busca de emprego como InfoJobs, Vagas . com, Empregos . com, Catho entre outros, e coloque a palavra-chave Excel;<\/li>\n\n\n\n<li>Voc\u00ea ver\u00e1 o grande n\u00famero de vagas que exigem conhecimento de Excel, principalmente Excel avan\u00e7ado. Portanto, voc\u00ea deve saber Excel, porque vai aumentar enormemente as suas chances de conseguir uma vaga de emprego e tamb\u00e9m porque ser\u00e1 capaz de produzir mais, com mais qualidade e com menos esfor\u00e7o.<\/li>\n<\/ul>\n\n\n\n<div class=\"wp-block-buttons is-content-justification-center is-layout-flex wp-container-2\">\n<div class=\"wp-block-button\"><a class=\"wp-block-button__link has-text-align-center wp-element-button\" href=\"https:\/\/www.udemy.com\/course\/curso-de-excel-para-qualificacao-profissional\/?referralCode=59103E5B1BA909D2EEF4&amp;\" target=\"_blank\" rel=\"noreferrer noopener\">Quero conhecer o curso de excel da mpr na udemy<\/a><\/div>\n<\/div>\n\n\n\n<p>O curso foi gravado pelos professores que ministram o curso no formato on-line ao vivo e individual da MPR Inform\u00e1tica.<\/p>\n\n\n\n<p><\/p>\n","protected":false},"excerpt":{"rendered":"<p>Os recursos mais utilizados nas empresas, como tabelas, gr\u00e1ficos din\u00e2micos, fun\u00e7\u00f5es como PROCV, SE, uso do Power Query e outros. Aprenda Excel focado no Mercado de Trabalho Al\u00e9m da modalidade de aula particular\u00a0on-line\u00a0, disponibilizamos o curso de Excel na plataforma UDEMY a um pre\u00e7o muito acess\u00edvel e com acesso vital\u00edcio. Este curso vai do b\u00e1sico &hellip; <a href=\"https:\/\/www.mprinformatica.com.br\/blog\/excel-do-basico-ao-avancado-um-curso-completo-do-microsoft-excel\/\" class=\"more-link\">Continuar lendo <span class=\"screen-reader-text\">Excel do B\u00e1sico ao Avan\u00e7ado &#8211; um curso completo do Microsoft Excel<\/span><\/a><\/p>\n","protected":false},"author":1,"featured_media":0,"parent":0,"menu_order":0,"comment_status":"closed","ping_status":"closed","template":"","meta":[],"_links":{"self":[{"href":"https:\/\/www.mprinformatica.com.br\/blog\/wp-json\/wp\/v2\/pages\/1856"}],"collection":[{"href":"https:\/\/www.mprinformatica.com.br\/blog\/wp-json\/wp\/v2\/pages"}],"about":[{"href":"https:\/\/www.mprinformatica.com.br\/blog\/wp-json\/wp\/v2\/types\/page"}],"author":[{"embeddable":true,"href":"https:\/\/www.mprinformatica.com.br\/blog\/wp-json\/wp\/v2\/users\/1"}],"replies":[{"embeddable":true,"href":"https:\/\/www.mprinformatica.com.br\/blog\/wp-json\/wp\/v2\/comments?post=1856"}],"version-history":[{"count":1,"href":"https:\/\/www.mprinformatica.com.br\/blog\/wp-json\/wp\/v2\/pages\/1856\/revisions"}],"predecessor-version":[{"id":1857,"href":"https:\/\/www.mprinformatica.com.br\/blog\/wp-json\/wp\/v2\/pages\/1856\/revisions\/1857"}],"wp:attachment":[{"href":"https:\/\/www.mprinformatica.com.br\/blog\/wp-json\/wp\/v2\/media?parent=1856"}],"curies":[{"name":"wp","href":"https:\/\/api.w.org\/{rel}","templated":true}]}}